{"id":898,"date":"2021-12-09T10:11:13","date_gmt":"2021-12-09T10:11:13","guid":{"rendered":"https:\/\/www.devsnews.com\/wp\/volport\/?page_id=898"},"modified":"2026-04-09T22:50:36","modified_gmt":"2026-04-09T22:50:36","slug":"contact","status":"publish","type":"page","link":"https:\/\/pamvglobal.com\/pamvglobal\/contact\/","title":{"rendered":"Contact"},"content":{"rendered":"\t\t<div data-elementor-type=\"wp-page\" data-elementor-id=\"898\" class=\"elementor elementor-898\" data-elementor-post-type=\"page\">\n\t\t\t\t\t\t<section class=\"elementor-section elementor-top-section elementor-element elementor-element-bc9bd1d elementor-section-full_width elementor-section-height-default elementor-section-height-default\" data-id=\"bc9bd1d\" data-element_type=\"section\" data-settings=\"{&quot;background_background&quot;:&quot;classic&quot;}\">\n\t\t\t\t\t\t<div class=\"elementor-container elementor-column-gap-no\">\n\t\t\t\t\t<div class=\"elementor-column elementor-col-100 elementor-top-column elementor-element elementor-element-5aa99a4\" data-id=\"5aa99a4\" data-element_type=\"column\">\n\t\t\t<div class=\"elementor-widget-wrap elementor-element-populated\">\n\t\t\t\t\t\t<div class=\"elementor-element elementor-element-1f89bff elementor-widget elementor-widget-contact_tab bdevs-el contact_tab\" data-id=\"1f89bff\" data-element_type=\"widget\" data-settings=\"{&quot;design_style&quot;:&quot;style_1&quot;}\" data-widget_type=\"contact_tab.default\">\n\t\t\t\t<div class=\"elementor-widget-container\">\n\t\t\t\r\n        <div class=\"office-areas\">\r\n            <div class=\"container\">\r\n                <div class=\"row office-location g-0 wow fadeInUp2\">\r\n                    <div class=\"col-xl-12\">\r\n                        <nav>\r\n                            <div class=\"nav nav-tabs\" id=\"nav-tab\" role=\"tablist\">\r\n                                                                <button class=\"nav-link bdevs-el-tabtitle active\" id=\"nav-home-tab-Our_UAE_Office\" data-bs-toggle=\"tab\"\r\n                                    data-bs-target=\"#nav-home-Our_UAE_Office\" type=\"button\" role=\"tab\" aria-controls=\"nav-home-Our_UAE_Office\"\r\n                                    aria-selected=\"true\">Our UAE Office<\/button>\r\n                                                                <button class=\"nav-link bdevs-el-tabtitle \" id=\"nav-home-tab-Our_UK_Office\" data-bs-toggle=\"tab\"\r\n                                    data-bs-target=\"#nav-home-Our_UK_Office\" type=\"button\" role=\"tab\" aria-controls=\"nav-home-Our_UK_Office\"\r\n                                    aria-selected=\"true\">Our UK Office<\/button>\r\n                                                                <button class=\"nav-link bdevs-el-tabtitle \" id=\"nav-home-tab-Our_Poland_Office\" data-bs-toggle=\"tab\"\r\n                                    data-bs-target=\"#nav-home-Our_Poland_Office\" type=\"button\" role=\"tab\" aria-controls=\"nav-home-Our_Poland_Office\"\r\n                                    aria-selected=\"true\">Our Poland Office<\/button>\r\n                                   \r\n                            <\/div>\r\n                        <\/nav>\r\n                        <div class=\"tab-content\" id=\"nav-tabContent\">\r\n                                                        <div class=\"tab-pane fade show show active\" id=\"nav-home-Our_UAE_Office\" role=\"tabpanel\"\r\n                                aria-labelledby=\"nav-home-tab-Our_UAE_Office\">\r\n                                <style>.elementor-widget-contact_info .bdevs-el-title{font-family:var( --e-global-typography-secondary-font-family ), Sans-serif;font-weight:var( --e-global-typography-secondary-font-weight );}.elementor-widget-contact_info .bdevs-el-subtitle{font-family:var( --e-global-typography-text-font-family ), Sans-serif;font-weight:var( --e-global-typography-text-font-weight );}.elementor-widget-contact_info .bdevs-el-content p{font-family:var( --e-global-typography-accent-font-family ), Sans-serif;font-weight:var( --e-global-typography-accent-font-weight );}.elementor-widget-contact_info .bdevs-el-btn{font-family:var( --e-global-typography-accent-font-family ), Sans-serif;font-weight:var( --e-global-typography-accent-font-weight );}.elementor-widget-contact_info .bdevs-box-title{font-family:var( --e-global-typography-secondary-font-family ), Sans-serif;font-weight:var( --e-global-typography-secondary-font-weight );}.elementor-widget-contact_info .bdevs-box-content p{font-family:var( --e-global-typography-accent-font-family ), Sans-serif;font-weight:var( --e-global-typography-accent-font-weight );}<\/style>\t\t<div data-elementor-type=\"landing-page\" data-elementor-id=\"2441\" class=\"elementor elementor-2441\" data-elementor-post-type=\"elementor_library\">\n\t\t\t\t\t\t<section class=\"elementor-section elementor-top-section elementor-element elementor-element-a3bdd69 elementor-section-full_width elementor-section-height-default elementor-section-height-default\" data-id=\"a3bdd69\" data-element_type=\"section\">\n\t\t\t\t\t\t<div class=\"elementor-container elementor-column-gap-no\">\n\t\t\t\t\t<div class=\"elementor-column elementor-col-100 elementor-top-column elementor-element elementor-element-80a779f\" data-id=\"80a779f\" data-element_type=\"column\">\n\t\t\t<div class=\"elementor-widget-wrap elementor-element-populated\">\n\t\t\t\t\t\t<div class=\"elementor-element elementor-element-8e5b650 elementor-widget elementor-widget-contact_info bdevs-el contact_info\" data-id=\"8e5b650\" data-element_type=\"widget\" data-widget_type=\"contact_info.default\">\n\t\t\t\t<div class=\"elementor-widget-container\">\n\t\t\t        <div class=\"row g-0\">\r\n            <div class=\"col-lg-5\">\r\n                <ul class=\"office-address\">\r\n                                        <li>\r\n                        <div class=\"office-address-icon\">\r\n                                                                <i aria-hidden=\"true\" class=\" flaticon-map\"><\/i>                                                    <\/div>\r\n                        <div class=\"office-address-meta\">\r\n                                                            <h5>Office Address<\/h5>\r\n                                                                                <span>Dubai Investment Park, Vereinigte Arabische Emirate Plot No. 85, UAE<\/span>\r\n                                                <\/div>\r\n                    <\/li>\r\n                                         <li>\r\n                        <div class=\"office-address-icon\">\r\n                                                                <i aria-hidden=\"true\" class=\" flaticon-call\"><\/i>                                                    <\/div>\r\n                        <div class=\"office-address-meta\">\r\n                                                            <h5>Phone Number<\/h5>\r\n                                                                                <span>\u202a+97(156) 1169 5311<\/span>\r\n                                                <\/div>\r\n                    <\/li>\r\n                                         <li>\r\n                        <div class=\"office-address-icon\">\r\n                                                                <i aria-hidden=\"true\" class=\" flaticon-envelope\"><\/i>                                                    <\/div>\r\n                        <div class=\"office-address-meta\">\r\n                                                            <h5> Email Address<\/h5>\r\n                                                                                <span>info@pamvglobal.com<\/span>\r\n                                                <\/div>\r\n                    <\/li>\r\n                                     <\/ul>\r\n            <\/div>\r\n                        <div class=\"col-lg-7\">\r\n                <div class=\"office-img\">\r\n                    <img decoding=\"async\" src=\"https:\/\/pamvglobal.com\/pamvglobal\/wp-content\/uploads\/2021\/12\/office-img2.jpg\" alt=\"img\">\r\n                <\/div>\r\n            <\/div>\r\n                    <\/div>\r\n\r\n        \t\t<\/div>\n\t\t\t\t<\/div>\n\t\t\t\t\t<\/div>\n\t\t<\/div>\n\t\t\t\t\t<\/div>\n\t\t<\/section>\n\t\t\t\t<\/div>\n\t\t                            <\/div>\r\n                                                        <div class=\"tab-pane fade show \" id=\"nav-home-Our_UK_Office\" role=\"tabpanel\"\r\n                                aria-labelledby=\"nav-home-tab-Our_UK_Office\">\r\n                                <style>.elementor-widget-contact_info .bdevs-el-title{font-family:var( --e-global-typography-secondary-font-family ), Sans-serif;font-weight:var( --e-global-typography-secondary-font-weight );}.elementor-widget-contact_info .bdevs-el-subtitle{font-family:var( --e-global-typography-text-font-family ), Sans-serif;font-weight:var( --e-global-typography-text-font-weight );}.elementor-widget-contact_info .bdevs-el-content p{font-family:var( --e-global-typography-accent-font-family ), Sans-serif;font-weight:var( --e-global-typography-accent-font-weight );}.elementor-widget-contact_info .bdevs-el-btn{font-family:var( --e-global-typography-accent-font-family ), Sans-serif;font-weight:var( --e-global-typography-accent-font-weight );}.elementor-widget-contact_info .bdevs-box-title{font-family:var( --e-global-typography-secondary-font-family ), Sans-serif;font-weight:var( --e-global-typography-secondary-font-weight );}.elementor-widget-contact_info .bdevs-box-content p{font-family:var( --e-global-typography-accent-font-family ), Sans-serif;font-weight:var( --e-global-typography-accent-font-weight );}<\/style>\t\t<div data-elementor-type=\"landing-page\" data-elementor-id=\"2447\" class=\"elementor elementor-2447\" data-elementor-post-type=\"elementor_library\">\n\t\t\t\t\t\t<section class=\"elementor-section elementor-top-section elementor-element elementor-element-5a3e47c elementor-section-full_width elementor-section-height-default elementor-section-height-default\" data-id=\"5a3e47c\" data-element_type=\"section\">\n\t\t\t\t\t\t<div class=\"elementor-container elementor-column-gap-no\">\n\t\t\t\t\t<div class=\"elementor-column elementor-col-100 elementor-top-column elementor-element elementor-element-842637e\" data-id=\"842637e\" data-element_type=\"column\">\n\t\t\t<div class=\"elementor-widget-wrap elementor-element-populated\">\n\t\t\t\t\t\t<div class=\"elementor-element elementor-element-5801d2b elementor-widget elementor-widget-contact_info bdevs-el contact_info\" data-id=\"5801d2b\" data-element_type=\"widget\" data-widget_type=\"contact_info.default\">\n\t\t\t\t<div class=\"elementor-widget-container\">\n\t\t\t        <div class=\"row g-0\">\r\n            <div class=\"col-lg-5\">\r\n                <ul class=\"office-address\">\r\n                                        <li>\r\n                        <div class=\"office-address-icon\">\r\n                                                                <i aria-hidden=\"true\" class=\" flaticon-map\"><\/i>                                                    <\/div>\r\n                        <div class=\"office-address-meta\">\r\n                                                            <h5>Office Address<\/h5>\r\n                                                                                <span>B82 Rivington St.\nGreat Eastern Street\nLondon\nEC22B 3CF England<\/span>\r\n                                                <\/div>\r\n                    <\/li>\r\n                                         <li>\r\n                        <div class=\"office-address-icon\">\r\n                                                                <i aria-hidden=\"true\" class=\" flaticon-call\"><\/i>                                                    <\/div>\r\n                        <div class=\"office-address-meta\">\r\n                                                            <h5>Phone Number<\/h5>\r\n                                                                                <span>+44 7347127783<\/span>\r\n                                                <\/div>\r\n                    <\/li>\r\n                                         <li>\r\n                        <div class=\"office-address-icon\">\r\n                                                                <i aria-hidden=\"true\" class=\" flaticon-envelope\"><\/i>                                                    <\/div>\r\n                        <div class=\"office-address-meta\">\r\n                                                            <h5> Email Address<\/h5>\r\n                                                                                <span>info@pamvglobal.com<\/span>\r\n                                                <\/div>\r\n                    <\/li>\r\n                                     <\/ul>\r\n            <\/div>\r\n                        <div class=\"col-lg-7\">\r\n                <div class=\"office-img\">\r\n                    <img decoding=\"async\" src=\"https:\/\/pamvglobal.com\/pamvglobal\/wp-content\/uploads\/2021\/12\/office-img1.jpg\" alt=\"img\">\r\n                <\/div>\r\n            <\/div>\r\n                    <\/div>\r\n\r\n        \t\t<\/div>\n\t\t\t\t<\/div>\n\t\t\t\t\t<\/div>\n\t\t<\/div>\n\t\t\t\t\t<\/div>\n\t\t<\/section>\n\t\t\t\t<\/div>\n\t\t                            <\/div>\r\n                                                        <div class=\"tab-pane fade show \" id=\"nav-home-Our_Poland_Office\" role=\"tabpanel\"\r\n                                aria-labelledby=\"nav-home-tab-Our_Poland_Office\">\r\n                                <style>.elementor-widget-contact_info .bdevs-el-title{font-family:var( --e-global-typography-secondary-font-family ), Sans-serif;font-weight:var( --e-global-typography-secondary-font-weight );}.elementor-widget-contact_info .bdevs-el-subtitle{font-family:var( --e-global-typography-text-font-family ), Sans-serif;font-weight:var( --e-global-typography-text-font-weight );}.elementor-widget-contact_info .bdevs-el-content p{font-family:var( --e-global-typography-accent-font-family ), Sans-serif;font-weight:var( --e-global-typography-accent-font-weight );}.elementor-widget-contact_info .bdevs-el-btn{font-family:var( --e-global-typography-accent-font-family ), Sans-serif;font-weight:var( --e-global-typography-accent-font-weight );}.elementor-widget-contact_info .bdevs-box-title{font-family:var( --e-global-typography-secondary-font-family ), Sans-serif;font-weight:var( --e-global-typography-secondary-font-weight );}.elementor-widget-contact_info .bdevs-box-content p{font-family:var( --e-global-typography-accent-font-family ), Sans-serif;font-weight:var( --e-global-typography-accent-font-weight );}<\/style>\t\t<div data-elementor-type=\"landing-page\" data-elementor-id=\"985\" class=\"elementor elementor-985\" data-elementor-post-type=\"elementor_library\">\n\t\t\t\t\t\t<section class=\"elementor-section elementor-top-section elementor-element elementor-element-44bff53 elementor-section-full_width elementor-section-height-default elementor-section-height-default\" data-id=\"44bff53\" data-element_type=\"section\">\n\t\t\t\t\t\t<div class=\"elementor-container elementor-column-gap-no\">\n\t\t\t\t\t<div class=\"elementor-column elementor-col-100 elementor-top-column elementor-element elementor-element-a8dceba\" data-id=\"a8dceba\" data-element_type=\"column\">\n\t\t\t<div class=\"elementor-widget-wrap elementor-element-populated\">\n\t\t\t\t\t\t<div class=\"elementor-element elementor-element-4c1b554 elementor-widget elementor-widget-contact_info bdevs-el contact_info\" data-id=\"4c1b554\" data-element_type=\"widget\" data-widget_type=\"contact_info.default\">\n\t\t\t\t<div class=\"elementor-widget-container\">\n\t\t\t        <div class=\"row g-0\">\r\n            <div class=\"col-lg-5\">\r\n                <ul class=\"office-address\">\r\n                                        <li>\r\n                        <div class=\"office-address-icon\">\r\n                                                                <i aria-hidden=\"true\" class=\" flaticon-map\"><\/i>                                                    <\/div>\r\n                        <div class=\"office-address-meta\">\r\n                                                            <h5>Office Address<\/h5>\r\n                                                                                <span>ul. Genera\u0142a ko\u0142o Pu\u0142awskiego 56\nKatowice 40-273<\/span>\r\n                                                <\/div>\r\n                    <\/li>\r\n                                         <li>\r\n                        <div class=\"office-address-icon\">\r\n                                                                <i aria-hidden=\"true\" class=\" flaticon-call\"><\/i>                                                    <\/div>\r\n                        <div class=\"office-address-meta\">\r\n                                                            <h5>Phone Number<\/h5>\r\n                                                                                <span>+48 69 984 59 60<\/span>\r\n                                                <\/div>\r\n                    <\/li>\r\n                                         <li>\r\n                        <div class=\"office-address-icon\">\r\n                                                                <i aria-hidden=\"true\" class=\" flaticon-envelope\"><\/i>                                                    <\/div>\r\n                        <div class=\"office-address-meta\">\r\n                                                            <h5> Email Address<\/h5>\r\n                                                                                <span>info@pamvglobal.com<\/span>\r\n                                                <\/div>\r\n                    <\/li>\r\n                                     <\/ul>\r\n            <\/div>\r\n                        <div class=\"col-lg-7\">\r\n                <div class=\"office-img\">\r\n                    <img decoding=\"async\" src=\"https:\/\/pamvglobal.com\/pamvglobal\/wp-content\/uploads\/2021\/12\/office-img1.jpg\" alt=\"img\">\r\n                <\/div>\r\n            <\/div>\r\n                    <\/div>\r\n\r\n        \t\t<\/div>\n\t\t\t\t<\/div>\n\t\t\t\t\t<\/div>\n\t\t<\/div>\n\t\t\t\t\t<\/div>\n\t\t<\/section>\n\t\t\t\t<\/div>\n\t\t                            <\/div>\r\n                                                    <\/div>\r\n                    <\/div>\r\n                <\/div>\r\n            <\/div>\r\n        <\/div>\r\n\r\n        \t\t<\/div>\n\t\t\t\t<\/div>\n\t\t\t\t\t<\/div>\n\t\t<\/div>\n\t\t\t\t\t<\/div>\n\t\t<\/section>\n\t\t\t\t<section class=\"elementor-section elementor-top-section elementor-element elementor-element-9cf91b2 elementor-section-full_width elementor-section-height-default elementor-section-height-default\" data-id=\"9cf91b2\" data-element_type=\"section\">\n\t\t\t\t\t\t<div class=\"elementor-container elementor-column-gap-no\">\n\t\t\t\t\t<div class=\"elementor-column elementor-col-100 elementor-top-column elementor-element elementor-element-1060d43\" data-id=\"1060d43\" data-element_type=\"column\">\n\t\t\t<div class=\"elementor-widget-wrap elementor-element-populated\">\n\t\t\t\t\t\t<div class=\"elementor-element elementor-element-d145a8b elementor-widget elementor-widget-cf7 bdevs-el cf7\" data-id=\"d145a8b\" data-element_type=\"widget\" data-settings=\"{&quot;design_style&quot;:&quot;style_1&quot;}\" data-widget_type=\"cf7.default\">\n\t\t\t\t<div class=\"elementor-widget-container\">\n\t\t\t                 <!-- contact form area  -->\r\n        <div class=\"contact-form\">\r\n            <div class=\"contact-form-inner\">\r\n                <div class=\"container\">\r\n                    <div class=\"row wow fadeInUp2\">\r\n                                                <div class=\"col-xl-12\">\r\n                            <div class=\"section-title text-center mb-60\">\r\n                                                                <span class=\"category\">SEND US A MESSAGE<\/span>\r\n                                                                                                <h2>SEND US A MESSAGE<\/h2>\r\n                                                            <\/div>\r\n                        <\/div>\r\n                                                <div class=\"col-xl-12\">\r\n                            <div class=\"sd-form tmd-form\">\r\n                                 \n<div class=\"wpcf7 no-js\" id=\"wpcf7-f8-o1\" lang=\"en-US\" dir=\"ltr\" data-wpcf7-id=\"8\">\n<div class=\"screen-reader-response\"><p role=\"status\" aria-live=\"polite\" aria-atomic=\"true\"><\/p> <ul><\/ul><\/div>\n<form action=\"\/pamvglobal\/wp-json\/wp\/v2\/pages\/898#wpcf7-f8-o1\" method=\"post\" class=\"wpcf7-form init bdevs-cf7-form\" aria-label=\"Contact form\" novalidate=\"novalidate\" data-status=\"init\">\n<div style=\"display: none;\">\n<input type=\"hidden\" name=\"_wpcf7\" value=\"8\" \/>\n<input type=\"hidden\" name=\"_wpcf7_version\" value=\"6.0.6\" \/>\n<input type=\"hidden\" name=\"_wpcf7_locale\" value=\"en_US\" \/>\n<input type=\"hidden\" name=\"_wpcf7_unit_tag\" value=\"wpcf7-f8-o1\" \/>\n<input type=\"hidden\" name=\"_wpcf7_container_post\" value=\"0\" \/>\n<input type=\"hidden\" name=\"_wpcf7_posted_data_hash\" value=\"\" \/>\n<\/div>\n<p><label> Your name<br \/>\n<span class=\"wpcf7-form-control-wrap\" data-name=\"your-name\"><input size=\"40\" maxlength=\"400\" class=\"wpcf7-form-control wpcf7-text wpcf7-validates-as-required\" autocomplete=\"name\" aria-required=\"true\" aria-invalid=\"false\" value=\"\" type=\"text\" name=\"your-name\" \/><\/span> <\/label>\n<\/p>\n<p><label> Your email<br \/>\n<span class=\"wpcf7-form-control-wrap\" data-name=\"your-email\"><input size=\"40\" maxlength=\"400\" class=\"wpcf7-form-control wpcf7-email wpcf7-validates-as-required wpcf7-text wpcf7-validates-as-email\" autocomplete=\"email\" aria-required=\"true\" aria-invalid=\"false\" value=\"\" type=\"email\" name=\"your-email\" \/><\/span> <\/label>\n<\/p>\n<p><label> Subject<br \/>\n<span class=\"wpcf7-form-control-wrap\" data-name=\"your-subject\"><input size=\"40\" maxlength=\"400\" class=\"wpcf7-form-control wpcf7-text wpcf7-validates-as-required\" aria-required=\"true\" aria-invalid=\"false\" value=\"\" type=\"text\" name=\"your-subject\" \/><\/span> <\/label>\n<\/p>\n<p><label> Your message (optional)<br \/>\n<span class=\"wpcf7-form-control-wrap\" data-name=\"your-message\"><textarea cols=\"40\" rows=\"10\" maxlength=\"2000\" class=\"wpcf7-form-control wpcf7-textarea\" aria-invalid=\"false\" name=\"your-message\"><\/textarea><\/span> <\/label>\n<\/p>\n<p><input class=\"wpcf7-form-control wpcf7-submit has-spinner\" type=\"submit\" value=\"Submit\" \/>\n<\/p><p style=\"display: none !important;\" class=\"akismet-fields-container\" data-prefix=\"_wpcf7_ak_\"><label>&#916;<textarea name=\"_wpcf7_ak_hp_textarea\" cols=\"45\" rows=\"8\" maxlength=\"100\"><\/textarea><\/label><input type=\"hidden\" id=\"ak_js_1\" name=\"_wpcf7_ak_js\" value=\"13\"\/><script>document.getElementById( \"ak_js_1\" ).setAttribute( \"value\", ( new Date() ).getTime() );<\/script><\/p><div class=\"wpcf7-response-output\" aria-hidden=\"true\"><\/div>\n<\/form>\n<\/div>\n                            <\/div>\r\n                        <\/div>\r\n                    <\/div>\r\n                <\/div>\r\n            <\/div>\r\n        <\/div>\r\n        <!-- contact form end -->\r\n    \r\n\r\n        \t\t<\/div>\n\t\t\t\t<\/div>\n\t\t\t\t<div class=\"elementor-element elementor-element-608b657 elementor-widget elementor-widget-google_maps\" data-id=\"608b657\" data-element_type=\"widget\" data-widget_type=\"google_maps.default\">\n\t\t\t\t<div class=\"elementor-widget-container\">\n\t\t\t\t\t<div class=\"elementor-custom-embed\">\n\t\t\t<iframe loading=\"lazy\"\n\t\t\t\t\tsrc=\"https:\/\/maps.google.com\/maps?q=Dubai%20Investment%20Park%20-%2085&#038;t=m&#038;z=10&#038;output=embed&#038;iwloc=near\"\n\t\t\t\t\ttitle=\"Dubai Investment Park - 85\"\n\t\t\t\t\taria-label=\"Dubai Investment Park - 85\"\n\t\t\t><\/iframe>\n\t\t<\/div>\n\t\t\t\t<\/div>\n\t\t\t\t<\/div>\n\t\t\t\t\t<\/div>\n\t\t<\/div>\n\t\t\t\t\t<\/div>\n\t\t<\/section>\n\t\t<div class=\"elementor-element elementor-element-6236eff e-flex e-con-boxed e-con e-parent\" data-id=\"6236eff\" data-element_type=\"container\">\n\t\t\t\t\t<div class=\"e-con-inner\">\n\t\t\t\t\t<\/div>\n\t\t\t\t<\/div>\n\t\t\t\t<\/div>\n\t\t","protected":false},"excerpt":{"rendered":"<p>Our UAE Office Our UK Office Our Poland Office Office Address Dubai Investment Park, Vereinigte Arabische Emirate Plot No. 85, UAE Phone Number +97 156 116 5358 Email Address info@pamvglobal.com Office Address B82 Rivington St. Great Eastern Street London EC22B 3CF England Phone Number +44 7347127783 Email Address info@pamvglobal.com Office Address ul. Genera\u0142a ko\u0142o Pu\u0142awskiego [&hellip;]<\/p>\n","protected":false},"author":1,"featured_media":0,"parent":0,"menu_order":0,"comment_status":"closed","ping_status":"closed","template":"elementor_header_footer","meta":{"_acf_changed":false,"footnotes":""},"class_list":["post-898","page","type-page","status-publish","hentry"],"acf":[],"_links":{"self":[{"href":"https:\/\/pamvglobal.com\/pamvglobal\/wp-json\/wp\/v2\/pages\/898","targetHints":{"allow":["GET"]}}],"collection":[{"href":"https:\/\/pamvglobal.com\/pamvglobal\/wp-json\/wp\/v2\/pages"}],"about":[{"href":"https:\/\/pamvglobal.com\/pamvglobal\/wp-json\/wp\/v2\/types\/page"}],"author":[{"embeddable":true,"href":"https:\/\/pamvglobal.com\/pamvglobal\/wp-json\/wp\/v2\/users\/1"}],"replies":[{"embeddable":true,"href":"https:\/\/pamvglobal.com\/pamvglobal\/wp-json\/wp\/v2\/comments?post=898"}],"version-history":[{"count":22,"href":"https:\/\/pamvglobal.com\/pamvglobal\/wp-json\/wp\/v2\/pages\/898\/revisions"}],"predecessor-version":[{"id":3142,"href":"https:\/\/pamvglobal.com\/pamvglobal\/wp-json\/wp\/v2\/pages\/898\/revisions\/3142"}],"wp:attachment":[{"href":"https:\/\/pamvglobal.com\/pamvglobal\/wp-json\/wp\/v2\/media?parent=898"}],"curies":[{"name":"wp","href":"https:\/\/api.w.org\/{rel}","templated":true}]}}